{"id":42,"date":"2019-05-08T16:42:12","date_gmt":"2019-05-08T19:42:12","guid":{"rendered":"http:\/\/florenciaramondetta.com.ar\/?page_id=41"},"modified":"2019-06-20T13:41:31","modified_gmt":"2019-06-20T13:41:31","slug":"la-obra","status":"publish","type":"page","link":"https:\/\/florenciaramondetta.com.ar\/wp2\/index.php\/la-obra\/","title":{"rendered":"La Obra"},"content":{"rendered":"\n<figure class=\"wp-block-image\"><img fetchpriority=\"high\" decoding=\"async\" width=\"1024\" height=\"630\" src=\"https:\/\/florenciaramondetta.com.ar\/wp2\/wp-content\/uploads\/2019\/06\/flor-1024x630.jpg\" alt=\"\" class=\"wp-image-1022\" srcset=\"https:\/\/florenciaramondetta.com.ar\/wp2\/wp-content\/uploads\/2019\/06\/flor-1024x630.jpg 1024w, https:\/\/florenciaramondetta.com.ar\/wp2\/wp-content\/uploads\/2019\/06\/flor-300x185.jpg 300w, https:\/\/florenciaramondetta.com.ar\/wp2\/wp-content\/uploads\/2019\/06\/flor-768x473.jpg 768w, https:\/\/florenciaramondetta.com.ar\/wp2\/wp-content\/uploads\/2019\/06\/flor-850x523.jpg 850w, https:\/\/florenciaramondetta.com.ar\/wp2\/wp-content\/uploads\/2019\/06\/flor.jpg 2048w\" sizes=\"(max-width: 1024px) 100vw, 1024px\" \/><figcaption>Foto: Laura Gra.<\/figcaption><\/figure>\n\n\n\n<p>Mi trabajo es simple. La obra que sale cuando pinto, dibujo o bordo telas habla de mi vida, de la muerte, la p\u00e9rdida y de los sue\u00f1os paralelos en los que decido habitar.Nac\u00ed en Buenos Aires en 1972, me cri\u00e9 en San Mart\u00edn, Buenos Aires y pas\u00e9 mis veranos de la infancia en Recreo, Santa F\u00e9, el pueblo donde naci\u00f3 mi madre. La experiencia de esas vacaciones en la&nbsp; provincia siempre me ha inspirado para pintar y reencontrarme con los antiguos refugios: los&nbsp;<a href=\"http:\/\/florenciaramondetta.com.ar\/pinturas.html#arboles\">&#8220;\u00c1rboles&#8221;<\/a>La obras hablan por s\u00ed mismas, es inevitable. Una vez \u201cterminadas\u201d&#8230; el significado es ya de otro, se conecta a otra vida, a otro paradigma. Hubo alguien una vez que vi\u00f3&nbsp; en una pintura un laberinto y en realidad era un sencillo mapa para mi coraz\u00f3n, no estaba extraviada solo busacaba el c\u00f3digo, un timbre&#8230;. entonces un dia&nbsp; llegu\u00e9 a la&nbsp;<a href=\"http:\/\/florenciaramondetta.com.ar\/pinturas.html#animada\">&#8220;Casa animada&#8221;<\/a><\/p>\n\n\n\n<p>El reencuentro con la energ\u00eda creativa me llev\u00f3 hace unos&nbsp; a\u00f1os a emprender un viaje que marc\u00f3 mi vida y me di\u00f3 otra perspectiva de mi misma. De aquellos a\u00f1os conservo muchas im\u00e1genes&nbsp; de pinturas que hoy est\u00e1n en algun lugar lejano, por alguna l\u00f3gica extra\u00f1a \u00e9stas hacen sus propios recorridos y cuentan historias propias.&nbsp;<\/p>\n","protected":false},"excerpt":{"rendered":"<p>Mi trabajo es simple. La obra que sale cuando pinto, dibujo o bordo telas habla de mi vida, de la muerte, la p\u00e9rdida y de los sue\u00f1os paralelos en los que decido habitar.Nac\u00ed en Buenos Aires en 1972, me cri\u00e9 en San Mart\u00edn, Buenos Aires y pas\u00e9 mis veranos de la infancia en Recreo, Santa&#8230;<\/p>\n","protected":false},"author":1,"featured_media":1022,"parent":0,"menu_order":0,"comment_status":"closed","ping_status":"closed","template":"","meta":{"footnotes":""},"class_list":["post-42","page","type-page","status-publish","has-post-thumbnail","hentry"],"yoast_head":"<!-- This site is optimized with the Yoast SEO plugin v26.8 - https:\/\/yoast.com\/product\/yoast-seo-wordpress\/ -->\n<title>La Obra - FLORENCIA RAMONDETTA artista latinoamericana<\/title>\n<meta name=\"description\" content=\"La obra de Florencia Ramondetta recorre numerosos medios y t\u00e9cnicas, desde el dibujo con l\u00e1piz al arte textil, pasando por el \u00f3leo y la maqueta.\" \/>\n<meta name=\"robots\" content=\"index, follow, max-snippet:-1, max-image-preview:large, max-video-preview:-1\" \/>\n<link rel=\"canonical\" href=\"https:\/\/florenciaramondetta.com.ar\/wp2\/index.php\/la-obra\/\" \/>\n<meta property=\"og:locale\" content=\"es_ES\" \/>\n<meta property=\"og:type\" content=\"article\" \/>\n<meta property=\"og:title\" content=\"La Obra - FLORENCIA RAMONDETTA artista latinoamericana\" \/>\n<meta property=\"og:description\" content=\"La obra de Florencia Ramondetta recorre numerosos medios y t\u00e9cnicas, desde el dibujo con l\u00e1piz al arte textil, pasando por el \u00f3leo y la maqueta.\" \/>\n<meta property=\"og:url\" content=\"https:\/\/florenciaramondetta.com.ar\/wp2\/index.php\/la-obra\/\" \/>\n<meta property=\"og:site_name\" content=\"FLORENCIA RAMONDETTA\" \/>\n<meta property=\"article:modified_time\" content=\"2019-06-20T13:41:31+00:00\" \/>\n<meta property=\"og:image\" content=\"https:\/\/florenciaramondetta.com.ar\/wp2\/wp-content\/uploads\/2019\/06\/flor.jpg\" \/>\n\t<meta property=\"og:image:width\" content=\"2048\" \/>\n\t<meta property=\"og:image:height\" content=\"1260\" \/>\n\t<meta property=\"og:image:type\" content=\"image\/jpeg\" \/>\n<meta name=\"twitter:card\" content=\"summary_large_image\" \/>\n<meta name=\"twitter:label1\" content=\"Tiempo de lectura\" \/>\n\t<meta name=\"twitter:data1\" content=\"1 minuto\" \/>\n<script type=\"application\/ld+json\" class=\"yoast-schema-graph\">{\"@context\":\"https:\/\/schema.org\",\"@graph\":[{\"@type\":\"WebPage\",\"@id\":\"https:\/\/florenciaramondetta.com.ar\/wp2\/index.php\/la-obra\/\",\"url\":\"https:\/\/florenciaramondetta.com.ar\/wp2\/index.php\/la-obra\/\",\"name\":\"La Obra - FLORENCIA RAMONDETTA artista latinoamericana\",\"isPartOf\":{\"@id\":\"https:\/\/florenciaramondetta.com.ar\/wp2\/#website\"},\"primaryImageOfPage\":{\"@id\":\"https:\/\/florenciaramondetta.com.ar\/wp2\/index.php\/la-obra\/#primaryimage\"},\"image\":{\"@id\":\"https:\/\/florenciaramondetta.com.ar\/wp2\/index.php\/la-obra\/#primaryimage\"},\"thumbnailUrl\":\"https:\/\/florenciaramondetta.com.ar\/wp2\/wp-content\/uploads\/2019\/06\/flor.jpg\",\"datePublished\":\"2019-05-08T19:42:12+00:00\",\"dateModified\":\"2019-06-20T13:41:31+00:00\",\"description\":\"La obra de Florencia Ramondetta recorre numerosos medios y t\u00e9cnicas, desde el dibujo con l\u00e1piz al arte textil, pasando por el \u00f3leo y la maqueta.\",\"breadcrumb\":{\"@id\":\"https:\/\/florenciaramondetta.com.ar\/wp2\/index.php\/la-obra\/#breadcrumb\"},\"inLanguage\":\"es-AR\",\"potentialAction\":[{\"@type\":\"ReadAction\",\"target\":[\"https:\/\/florenciaramondetta.com.ar\/wp2\/index.php\/la-obra\/\"]}]},{\"@type\":\"ImageObject\",\"inLanguage\":\"es-AR\",\"@id\":\"https:\/\/florenciaramondetta.com.ar\/wp2\/index.php\/la-obra\/#primaryimage\",\"url\":\"https:\/\/florenciaramondetta.com.ar\/wp2\/wp-content\/uploads\/2019\/06\/flor.jpg\",\"contentUrl\":\"https:\/\/florenciaramondetta.com.ar\/wp2\/wp-content\/uploads\/2019\/06\/flor.jpg\",\"width\":2048,\"height\":1260},{\"@type\":\"BreadcrumbList\",\"@id\":\"https:\/\/florenciaramondetta.com.ar\/wp2\/index.php\/la-obra\/#breadcrumb\",\"itemListElement\":[{\"@type\":\"ListItem\",\"position\":1,\"name\":\"Inicio\",\"item\":\"https:\/\/florenciaramondetta.com.ar\/wp2\/\"},{\"@type\":\"ListItem\",\"position\":2,\"name\":\"La Obra\"}]},{\"@type\":\"WebSite\",\"@id\":\"https:\/\/florenciaramondetta.com.ar\/wp2\/#website\",\"url\":\"https:\/\/florenciaramondetta.com.ar\/wp2\/\",\"name\":\"FLORENCIA RAMONDETTA\",\"description\":\"\",\"potentialAction\":[{\"@type\":\"SearchAction\",\"target\":{\"@type\":\"EntryPoint\",\"urlTemplate\":\"https:\/\/florenciaramondetta.com.ar\/wp2\/?s={search_term_string}\"},\"query-input\":{\"@type\":\"PropertyValueSpecification\",\"valueRequired\":true,\"valueName\":\"search_term_string\"}}],\"inLanguage\":\"es-AR\"}]}<\/script>\n<!-- \/ Yoast SEO plugin. -->","yoast_head_json":{"title":"La Obra - FLORENCIA RAMONDETTA artista latinoamericana","description":"La obra de Florencia Ramondetta recorre numerosos medios y t\u00e9cnicas, desde el dibujo con l\u00e1piz al arte textil, pasando por el \u00f3leo y la maqueta.","robots":{"index":"index","follow":"follow","max-snippet":"max-snippet:-1","max-image-preview":"max-image-preview:large","max-video-preview":"max-video-preview:-1"},"canonical":"https:\/\/florenciaramondetta.com.ar\/wp2\/index.php\/la-obra\/","og_locale":"es_ES","og_type":"article","og_title":"La Obra - FLORENCIA RAMONDETTA artista latinoamericana","og_description":"La obra de Florencia Ramondetta recorre numerosos medios y t\u00e9cnicas, desde el dibujo con l\u00e1piz al arte textil, pasando por el \u00f3leo y la maqueta.","og_url":"https:\/\/florenciaramondetta.com.ar\/wp2\/index.php\/la-obra\/","og_site_name":"FLORENCIA RAMONDETTA","article_modified_time":"2019-06-20T13:41:31+00:00","og_image":[{"width":2048,"height":1260,"url":"https:\/\/florenciaramondetta.com.ar\/wp2\/wp-content\/uploads\/2019\/06\/flor.jpg","type":"image\/jpeg"}],"twitter_card":"summary_large_image","twitter_misc":{"Tiempo de lectura":"1 minuto"},"schema":{"@context":"https:\/\/schema.org","@graph":[{"@type":"WebPage","@id":"https:\/\/florenciaramondetta.com.ar\/wp2\/index.php\/la-obra\/","url":"https:\/\/florenciaramondetta.com.ar\/wp2\/index.php\/la-obra\/","name":"La Obra - FLORENCIA RAMONDETTA artista latinoamericana","isPartOf":{"@id":"https:\/\/florenciaramondetta.com.ar\/wp2\/#website"},"primaryImageOfPage":{"@id":"https:\/\/florenciaramondetta.com.ar\/wp2\/index.php\/la-obra\/#primaryimage"},"image":{"@id":"https:\/\/florenciaramondetta.com.ar\/wp2\/index.php\/la-obra\/#primaryimage"},"thumbnailUrl":"https:\/\/florenciaramondetta.com.ar\/wp2\/wp-content\/uploads\/2019\/06\/flor.jpg","datePublished":"2019-05-08T19:42:12+00:00","dateModified":"2019-06-20T13:41:31+00:00","description":"La obra de Florencia Ramondetta recorre numerosos medios y t\u00e9cnicas, desde el dibujo con l\u00e1piz al arte textil, pasando por el \u00f3leo y la maqueta.","breadcrumb":{"@id":"https:\/\/florenciaramondetta.com.ar\/wp2\/index.php\/la-obra\/#breadcrumb"},"inLanguage":"es-AR","potentialAction":[{"@type":"ReadAction","target":["https:\/\/florenciaramondetta.com.ar\/wp2\/index.php\/la-obra\/"]}]},{"@type":"ImageObject","inLanguage":"es-AR","@id":"https:\/\/florenciaramondetta.com.ar\/wp2\/index.php\/la-obra\/#primaryimage","url":"https:\/\/florenciaramondetta.com.ar\/wp2\/wp-content\/uploads\/2019\/06\/flor.jpg","contentUrl":"https:\/\/florenciaramondetta.com.ar\/wp2\/wp-content\/uploads\/2019\/06\/flor.jpg","width":2048,"height":1260},{"@type":"BreadcrumbList","@id":"https:\/\/florenciaramondetta.com.ar\/wp2\/index.php\/la-obra\/#breadcrumb","itemListElement":[{"@type":"ListItem","position":1,"name":"Inicio","item":"https:\/\/florenciaramondetta.com.ar\/wp2\/"},{"@type":"ListItem","position":2,"name":"La Obra"}]},{"@type":"WebSite","@id":"https:\/\/florenciaramondetta.com.ar\/wp2\/#website","url":"https:\/\/florenciaramondetta.com.ar\/wp2\/","name":"FLORENCIA RAMONDETTA","description":"","potentialAction":[{"@type":"SearchAction","target":{"@type":"EntryPoint","urlTemplate":"https:\/\/florenciaramondetta.com.ar\/wp2\/?s={search_term_string}"},"query-input":{"@type":"PropertyValueSpecification","valueRequired":true,"valueName":"search_term_string"}}],"inLanguage":"es-AR"}]}},"_links":{"self":[{"href":"https:\/\/florenciaramondetta.com.ar\/wp2\/index.php\/wp-json\/wp\/v2\/pages\/42","targetHints":{"allow":["GET"]}}],"collection":[{"href":"https:\/\/florenciaramondetta.com.ar\/wp2\/index.php\/wp-json\/wp\/v2\/pages"}],"about":[{"href":"https:\/\/florenciaramondetta.com.ar\/wp2\/index.php\/wp-json\/wp\/v2\/types\/page"}],"author":[{"embeddable":true,"href":"https:\/\/florenciaramondetta.com.ar\/wp2\/index.php\/wp-json\/wp\/v2\/users\/1"}],"replies":[{"embeddable":true,"href":"https:\/\/florenciaramondetta.com.ar\/wp2\/index.php\/wp-json\/wp\/v2\/comments?post=42"}],"version-history":[{"count":3,"href":"https:\/\/florenciaramondetta.com.ar\/wp2\/index.php\/wp-json\/wp\/v2\/pages\/42\/revisions"}],"predecessor-version":[{"id":1062,"href":"https:\/\/florenciaramondetta.com.ar\/wp2\/index.php\/wp-json\/wp\/v2\/pages\/42\/revisions\/1062"}],"wp:featuredmedia":[{"embeddable":true,"href":"https:\/\/florenciaramondetta.com.ar\/wp2\/index.php\/wp-json\/wp\/v2\/media\/1022"}],"wp:attachment":[{"href":"https:\/\/florenciaramondetta.com.ar\/wp2\/index.php\/wp-json\/wp\/v2\/media?parent=42"}],"curies":[{"name":"wp","href":"https:\/\/api.w.org\/{rel}","templated":true}]}}