{"id":43,"date":"2019-05-08T16:42:24","date_gmt":"2019-05-08T19:42:24","guid":{"rendered":"http:\/\/florenciaramondetta.com.ar\/?page_id=43"},"modified":"2020-01-23T20:34:43","modified_gmt":"2020-01-23T20:34:43","slug":"c-v","status":"publish","type":"page","link":"https:\/\/florenciaramondetta.com.ar\/wp2\/index.php\/c-v\/","title":{"rendered":"C.V."},"content":{"rendered":"\n<p>Naci\u00f3\nel 6 de octubre de 1972 en Buenos Aires, Argentina.<\/p>\n\n\n\n<p><strong>Formaci\u00f3n Profesional<\/strong><\/p>\n\n\n\n<p><strong>Profesora de Artes Visuales<\/strong>. Escuela de artes Visuales A. Berni (1999)<\/p>\n\n\n\n<p><strong>Licenciada en Gesti\u00f3n Cultural<\/strong>. Universidad Nacional de Tres de Febrero (2019)<\/p>\n\n\n\n<p><\/p>\n\n\n\n<p>Ha participado\nde muestras individuales y colectivas en museos, centros culturales y galer\u00edas,\nentre las que se destacan:<\/p>\n\n\n\n<table class=\"wp-block-table\"><tbody><tr><td><strong>2019<\/strong><\/td><td><p>5\u00ba Encuentro  Textil- UMBRAL. Bs As. \u201c\u00c1frica entre Nosotros\u201d- Museo del Archivo Nacional de la Memoria<br>\u201cARTE EN FOCO\u201d- Centro Cultural Plaza, San Mart\u00edn<br>\u201cMujeres en Latinoam\u00e9rica\u201d. Festival de Experiencias Textiles. C. C.  Carlos Gardel. Bs. As.<br>Libros intervenidos de UMBRAL. Complejo Bibliotecario Francisco L\u00f3pez  Merino, La Plata<br>Puertas adentro 2019. San Isidro<br>\u201cOc\u00e9anos\u201d. Noche de los Museo. UMBRAL. Bs As.<\/p><\/td><\/tr><tr><td><strong>2018<\/strong><\/td><td><p>Imaginarios en  Peque\u00f1o Formato- Galer\u00eda RAF, San Mart\u00edn<br> 4\u00ba Encuentro textil- Umbral <br>\u201cCautiverio de mujeres\u201d, Noche de los Museo. Museo de la Mujer. Bs As.<br>Noche de los Museos. FADU. Bs As.<br><em>\u201c<\/em>Pensar el g\u00e9nero<em>\u201d- AAVRA. C. C. Borges<\/em><br>\u201cBerni en San Mart\u00edn\u201d. Homenaje  a Berni, Galer\u00eda de las Artes, San Mart\u00edn<\/p><\/td><\/tr><tr><td><strong>2017<\/strong><\/td><td><p>\u201cTrama, de lo  invisible a lo visible\u201d, UNSAM, San Mart\u00edn.<br> Noche de los Museo- UMBRAL Espacio  de Arte. Bs. As.<br> VII Encuentro de Performance- UMBRAL. Bs. As.<br>\u201cLo habitual\/lo habitado\u201d. Quinta del Omb\u00fa. San Fernando<\/p><\/td><\/tr><tr><td><strong>2016<\/strong><\/td><td><p>&#8211; II Bienal de  Libro de Artista- Museo Casa Carnacini, V. Ballester<br>\u201cPerformapeo\u201d I Encuentro de  Performance. UNSAM. San Mart\u00edn<br>4\u00ba Encuentro de libro de Artista-  Museo de Arte Fueguino, R\u00edo Grande<br>Sal\u00f3n Nacional de Arte Textil- CAAT.  Museo R\u00f3mulo Raggio, Vicente L\u00f3pez<br>II Sal\u00f3n Nacional de Bordado- Festival  de Experiencias Textiles, C. C. Marc\u00f3 del Pont<br> \u201cContra  portada\u201d- Centro de Edici\u00f3n, Sala Municipal Lidaura Chapitel, San Mart\u00edn de los  Andes<\/p><\/td><\/tr><tr><td><strong>2015<\/strong><\/td><td><p>Festival Santa  Conciencia, ECUNHI, Bs. As.<br><em>Para ellas<\/em>, sal\u00f3n del CAAT en el mes de la  mujer. CAAT, Bs. As.<br>Semana de la gr\u00e1fica. SCUM, Bariloche<\/p><\/td><\/tr><tr><td><strong>2014<\/strong><\/td><td><p>I Bienal de  Libro de Artista- Museo Casa Carnacini, V. Ballester\u00a0 <br>\u201c\u00c1rboles, dioses en la tierra\u201d,  Municipalidad de Gral. San Mart\u00edn<\/p><\/td><\/tr><tr><td><strong>2012<\/strong><\/td><td>Festival  de Enlaces, Tres de Febrero<\/td><\/tr><tr><td><strong>2010<\/strong><\/td><td>Cursa la carrera de&nbsp; Gesti\u00f3n del\n  Arte y la Cultura en la UNTREF. <\/td><\/tr><tr><td>\n      <strong>2008-2009:\n      <\/strong><\/td><td>\n  Realiz\u00f3 el Curso de Auxiliar de\n  Alfarer\u00eda, Escuela Nacional de Cer\u00e1mica Fernando Arranz.\n  <\/td><\/tr><tr><td>    <strong>2008     <\/strong><\/td><td>Finaliz\u00f3 el Seminario de ilustraci\u00f3n   en medios gr\u00e1ficos dictado por Pablo Zweig. Pertenece al Foro de Ilustradores   desde el mismo a\u00f1o.   <\/td><\/tr><tr><td>    <strong>1999     <\/strong><\/td><td>Egres\u00f3 como Profesora Superior de   Pintura. Escuela de Artes visuales Antonio Berni de Gral. San Mart\u00edn, Bs. As.\u00a0<br>Curs\u00f3 el seminario de pintura mural con la prof. Mercedes Cu\u00f1etti.   <\/td><\/tr><tr><td>    <strong>1996     <\/strong><\/td><td>Profesora con Especialidad Pintura en   la Escuela de Artes Visuales\u00a0 Antonio Berni de Gral. San Mart\u00edn\u00a0 Bs   As.   <\/td><\/tr><\/tbody><\/table>\n\n\n\n<p><strong>Actividad\nlaboral<\/strong><\/p>\n\n\n\n<p>Se\ndesempe\u00f1a como docente de Educaci\u00f3n Art\u00edstica en instituciones privadas y\nestatales desde 1995.<\/p>\n\n\n\n<p>Es\nmiembro activo del colectivo de artista \u201cDesempantalonarse\u201d .<\/p>\n\n\n\n<p><strong>Otras\nactividades<\/strong><br>\nSe ha dedicado a la organizaci\u00f3n y gesti\u00f3n de muestras colectivas en diversos\nespacios: centros culturales, bibliotecas, escuelas, etc.<br>\nHa participado como productora en el \u00e1rea de Artes visuales del&nbsp; Festival\nde Enlaces 2011 y 2012 de la UNTREF.<\/p>\n\n\n\n<p><strong>Premios<\/strong><\/p>\n\n\n\n<table class=\"wp-block-table\"><tbody><tr><td>\n  <strong>2001<\/strong>\n  <\/td><td>\n  Menci\u00f3n Anual de Pintura, Concurso de\n  pintura Museo Sivori\n  <\/td><\/tr><tr><td>\n  <strong>2002<\/strong>\n  <\/td><td>\n  Segundo Premio de Pintura, Primer\n  Sal\u00f3n de Artistas Docentes.\n  <\/td><\/tr><tr><td>\n  <strong>2000<\/strong>\n  <\/td><td>\n  Menci\u00f3n de pintura, Concurso de\n  Pintura Homenaje&nbsp; X&nbsp;&nbsp;Aniversario del Museo de Esculturas\n  Perlotti\n  <\/td><\/tr><\/tbody><\/table>\n\n\n\n<p><strong>Exposiciones\nindividuales<\/strong><\/p>\n\n\n\n<table class=\"wp-block-table\"><tbody><tr><td>\n  <strong>2011<\/strong>\n  <\/td><td>\n  \u201c\u00c1rboles\u201d en Casa de luz, Centro de\n  Kundalini Yoga\n  <\/td><\/tr><tr><td>\n  <strong>2010<\/strong>\n  <\/td><td>\n  \u201cLa casa Animada\u201d en Museo Casa\n  Carnacini,&nbsp; V. Ballester\n  <\/td><\/tr><tr><td>\n  <strong>2006<\/strong>\n  <\/td><td>\n  Participa del Foc, Festival\n  interdisciplinario de Arte de Moncofa, Castell\u00f3n , Espa\u00f1a\n  <\/td><\/tr><tr><td>\n  <strong>2002\/03\/05<\/strong>\n  <\/td><td>\n  Galer\u00eda&nbsp; de&nbsp; arte Crea 21,\n  Barcelona\n  <\/td><\/tr><tr><td>\n  <strong>2006<\/strong>\n  <\/td><td>\n  X Encuentro Nacional de Pintores\n  de&nbsp; Valle de Traslasierra,&nbsp;&nbsp;&nbsp;&nbsp;&nbsp;&nbsp; Nono,\n  C\u00f3rboba\n  <\/td><\/tr><tr><td>\n  <strong>2003<\/strong>\n  <\/td><td>\n  Centro cultural del Ayuntamiento de\n  Sants,&nbsp; Barcelona, Espa\u00f1a\n  <\/td><\/tr><\/tbody><\/table>\n\n\n\n<p><strong>Exposiciones<\/strong><\/p>\n\n\n\n<table class=\"wp-block-table\"><tbody><tr><td><strong>2014<\/strong><\/td><td><p>Muestra por la Memoria,  Municipalidad de Gral. San Mart\u00edn<br>Feria de libros de  artista, Espacio Arcuri<\/p><\/td><\/tr><tr><td><strong>2013<\/strong><\/td><td><p>Memoria ilustrada, Foro  de Ilustradores, C. C. Recoleta.<br>Expocor, C. C. Borges.<br>Festival de Santa  Conciencia, ECUNHI<br>Sal\u00f3n Primavera de la  Biblioteca B. Rivadavia<br>124\u00ba Aniversario de V.  Ballester, Museo Casa Carnacini<br>Feria de libros de  artista, C. C. S\u00e1bato <\/p><\/td><\/tr><tr><td><strong>2012<\/strong><\/td><td>El principio-el fin, UNSAM.<br>Festival Santa Conciencia, C. C. Ad\u00e1n Buenosayres.<br>Museo Sivori<br>Festival de Enlaces UNTREF<br>1\u00ba Salon de peque\u00f1o Formato Museo Casa Carnacini<br>Puertas Abiertas San Isidro <br>Fiesta de la Queimada, Ciudad Jard\u00edn,   Palomar. <\/td><\/tr><tr><td>\n      <strong>2011\n      <\/strong><\/td><td>Colectivo Desenpantalonarse:<br>Noche de los Museos Fernando Arranz <br>Expo trastienda, Galer\u00eda Daimon <br>Galer\u00eda Alejandra Perotti <br>Biblioteca B. Rivadavia, V. Ballester   <\/td><\/tr><tr><td>\n    <strong>2010\n    <\/strong><\/td><td>\n  Exposici\u00f3n Homenaje a la Mujer,\n  Municipalidad de San Mart\u00edn\n  <\/td><\/tr><tr><td>\n    <strong>2009\n    <\/strong><\/td><td>Muestra Anual de Pintura del Club   Liban\u00e9s de Buenos Aires <br>Exposici\u00f3n Noche de los Museos, Museo   de Cer\u00e1mica F.Arranz   <\/td><\/tr><tr><td>\n    <strong>2008\n    <\/strong><\/td><td>Muestra del foro de ilustradores.   Feria del libro Infantil y Juvenil   De Buenos Aires.   \u201cArtistas trabajando en vivo 2008\u201d.   Museo Maguncia. Bs. As.   <br>Exposici\u00f3n de Artistas Pl\u00e1sticos, en   adhesi\u00f3n al 65\u00ba aniversario\u00a0de la Independencia de la Rep\u00fablica del   L\u00edbano, Club Liban\u00e9s de Buenos Aires <br>Muestra anual de la Escuela de Arte   Cer\u00e1mico Fernando Arranz   <\/td><\/tr><tr><td>\n    <strong>2007\n    <\/strong><\/td><td>8\u00ba Sal\u00f3n Nacional de 3 de Febrero   <\/td><\/tr><tr><td>\n    <strong>2006\n    <\/strong><\/td><td>Muestra homenaje al Quijote en el   Centro\u00a0 Cultural de Santa\u00a0Eulalia, Barcelona   <\/td><\/tr><tr><td>\n    <strong>2005\n    <\/strong><\/td><td>Exposici\u00f3n de las obras del Museo   Provincial de Bellas Artes de Buenos Aires( La Plata) en el Centro   Regional\u00a0 Universitario de\u00a0 Bolivar.   Participa del Mercado de navidad de   la galer\u00eda de arte Crea21.\u00a0   <\/td><\/tr><tr><td>\n    <strong>2002\n    <\/strong><\/td><td>Primer Sal\u00f3n de Docentes Artistas de   la provincia de Buenos Aires, Museo Provincia de Bellas Artes   Fundaci\u00f3n M\u00fasica en San Mart\u00edn, Museo   de Bellas Artes de\u00a0San Mart\u00edn,Bs. As.   Facultad de Derecho de Bs. As.<br>Centro cultural Recoleta Bs. As.   <\/td><\/tr><\/tbody><\/table>\n\n\n\n<p><strong>Otras\nactividades<\/strong><\/p>\n\n\n\n<p>Pertenece al colectivo Desempantalonarse.<\/p>\n\n\n\n<p>Se desempe\u00f1a como docente de pl\u00e1stica y arte en escuelas p\u00fablicas.<\/p>\n","protected":false},"excerpt":{"rendered":"<p>Naci\u00f3 el 6 de octubre de 1972 en Buenos Aires, Argentina. Formaci\u00f3n Profesional Profesora de Artes Visuales. Escuela de artes Visuales A. Berni (1999) Licenciada en Gesti\u00f3n Cultural. Universidad Nacional de Tres de Febrero (2019) Ha participado de muestras individuales y colectivas en museos, centros culturales y galer\u00edas, entre las que se destacan: 2019 5\u00ba&#8230;<\/p>\n","protected":false},"author":1,"featured_media":1022,"parent":0,"menu_order":0,"comment_status":"closed","ping_status":"closed","template":"","meta":{"footnotes":""},"class_list":["post-43","page","type-page","status-publish","has-post-thumbnail","hentry"],"yoast_head":"<!-- This site is optimized with the Yoast SEO plugin v26.8 - https:\/\/yoast.com\/product\/yoast-seo-wordpress\/ -->\n<title>C.V. - FLORENCIA RAMONDETTA<\/title>\n<meta name=\"robots\" content=\"index, follow, max-snippet:-1, max-image-preview:large, max-video-preview:-1\" \/>\n<link rel=\"canonical\" href=\"https:\/\/florenciaramondetta.com.ar\/wp2\/index.php\/c-v\/\" \/>\n<meta property=\"og:locale\" content=\"es_ES\" \/>\n<meta property=\"og:type\" content=\"article\" \/>\n<meta property=\"og:title\" content=\"C.V. - FLORENCIA RAMONDETTA\" \/>\n<meta property=\"og:description\" content=\"Naci\u00f3 el 6 de octubre de 1972 en Buenos Aires, Argentina. Formaci\u00f3n Profesional Profesora de Artes Visuales. Escuela de artes Visuales A. Berni (1999) Licenciada en Gesti\u00f3n Cultural. Universidad Nacional de Tres de Febrero (2019) Ha participado de muestras individuales y colectivas en museos, centros culturales y galer\u00edas, entre las que se destacan: 2019 5\u00ba...\" \/>\n<meta property=\"og:url\" content=\"https:\/\/florenciaramondetta.com.ar\/wp2\/index.php\/c-v\/\" \/>\n<meta property=\"og:site_name\" content=\"FLORENCIA RAMONDETTA\" \/>\n<meta property=\"article:modified_time\" content=\"2020-01-23T20:34:43+00:00\" \/>\n<meta property=\"og:image\" content=\"https:\/\/florenciaramondetta.com.ar\/wp2\/wp-content\/uploads\/2019\/06\/flor.jpg\" \/>\n\t<meta property=\"og:image:width\" content=\"2048\" \/>\n\t<meta property=\"og:image:height\" content=\"1260\" \/>\n\t<meta property=\"og:image:type\" content=\"image\/jpeg\" \/>\n<meta name=\"twitter:card\" content=\"summary_large_image\" \/>\n<meta name=\"twitter:label1\" content=\"Tiempo de lectura\" \/>\n\t<meta name=\"twitter:data1\" content=\"5 minutos\" \/>\n<script type=\"application\/ld+json\" class=\"yoast-schema-graph\">{\"@context\":\"https:\/\/schema.org\",\"@graph\":[{\"@type\":\"WebPage\",\"@id\":\"https:\/\/florenciaramondetta.com.ar\/wp2\/index.php\/c-v\/\",\"url\":\"https:\/\/florenciaramondetta.com.ar\/wp2\/index.php\/c-v\/\",\"name\":\"C.V. - FLORENCIA RAMONDETTA\",\"isPartOf\":{\"@id\":\"https:\/\/florenciaramondetta.com.ar\/wp2\/#website\"},\"primaryImageOfPage\":{\"@id\":\"https:\/\/florenciaramondetta.com.ar\/wp2\/index.php\/c-v\/#primaryimage\"},\"image\":{\"@id\":\"https:\/\/florenciaramondetta.com.ar\/wp2\/index.php\/c-v\/#primaryimage\"},\"thumbnailUrl\":\"https:\/\/florenciaramondetta.com.ar\/wp2\/wp-content\/uploads\/2019\/06\/flor.jpg\",\"datePublished\":\"2019-05-08T19:42:24+00:00\",\"dateModified\":\"2020-01-23T20:34:43+00:00\",\"breadcrumb\":{\"@id\":\"https:\/\/florenciaramondetta.com.ar\/wp2\/index.php\/c-v\/#breadcrumb\"},\"inLanguage\":\"es-AR\",\"potentialAction\":[{\"@type\":\"ReadAction\",\"target\":[\"https:\/\/florenciaramondetta.com.ar\/wp2\/index.php\/c-v\/\"]}]},{\"@type\":\"ImageObject\",\"inLanguage\":\"es-AR\",\"@id\":\"https:\/\/florenciaramondetta.com.ar\/wp2\/index.php\/c-v\/#primaryimage\",\"url\":\"https:\/\/florenciaramondetta.com.ar\/wp2\/wp-content\/uploads\/2019\/06\/flor.jpg\",\"contentUrl\":\"https:\/\/florenciaramondetta.com.ar\/wp2\/wp-content\/uploads\/2019\/06\/flor.jpg\",\"width\":2048,\"height\":1260},{\"@type\":\"BreadcrumbList\",\"@id\":\"https:\/\/florenciaramondetta.com.ar\/wp2\/index.php\/c-v\/#breadcrumb\",\"itemListElement\":[{\"@type\":\"ListItem\",\"position\":1,\"name\":\"Inicio\",\"item\":\"https:\/\/florenciaramondetta.com.ar\/wp2\/\"},{\"@type\":\"ListItem\",\"position\":2,\"name\":\"C.V.\"}]},{\"@type\":\"WebSite\",\"@id\":\"https:\/\/florenciaramondetta.com.ar\/wp2\/#website\",\"url\":\"https:\/\/florenciaramondetta.com.ar\/wp2\/\",\"name\":\"FLORENCIA RAMONDETTA\",\"description\":\"\",\"potentialAction\":[{\"@type\":\"SearchAction\",\"target\":{\"@type\":\"EntryPoint\",\"urlTemplate\":\"https:\/\/florenciaramondetta.com.ar\/wp2\/?s={search_term_string}\"},\"query-input\":{\"@type\":\"PropertyValueSpecification\",\"valueRequired\":true,\"valueName\":\"search_term_string\"}}],\"inLanguage\":\"es-AR\"}]}<\/script>\n<!-- \/ Yoast SEO plugin. -->","yoast_head_json":{"title":"C.V. - FLORENCIA RAMONDETTA","robots":{"index":"index","follow":"follow","max-snippet":"max-snippet:-1","max-image-preview":"max-image-preview:large","max-video-preview":"max-video-preview:-1"},"canonical":"https:\/\/florenciaramondetta.com.ar\/wp2\/index.php\/c-v\/","og_locale":"es_ES","og_type":"article","og_title":"C.V. - FLORENCIA RAMONDETTA","og_description":"Naci\u00f3 el 6 de octubre de 1972 en Buenos Aires, Argentina. Formaci\u00f3n Profesional Profesora de Artes Visuales. Escuela de artes Visuales A. Berni (1999) Licenciada en Gesti\u00f3n Cultural. Universidad Nacional de Tres de Febrero (2019) Ha participado de muestras individuales y colectivas en museos, centros culturales y galer\u00edas, entre las que se destacan: 2019 5\u00ba...","og_url":"https:\/\/florenciaramondetta.com.ar\/wp2\/index.php\/c-v\/","og_site_name":"FLORENCIA RAMONDETTA","article_modified_time":"2020-01-23T20:34:43+00:00","og_image":[{"width":2048,"height":1260,"url":"https:\/\/florenciaramondetta.com.ar\/wp2\/wp-content\/uploads\/2019\/06\/flor.jpg","type":"image\/jpeg"}],"twitter_card":"summary_large_image","twitter_misc":{"Tiempo de lectura":"5 minutos"},"schema":{"@context":"https:\/\/schema.org","@graph":[{"@type":"WebPage","@id":"https:\/\/florenciaramondetta.com.ar\/wp2\/index.php\/c-v\/","url":"https:\/\/florenciaramondetta.com.ar\/wp2\/index.php\/c-v\/","name":"C.V. - FLORENCIA RAMONDETTA","isPartOf":{"@id":"https:\/\/florenciaramondetta.com.ar\/wp2\/#website"},"primaryImageOfPage":{"@id":"https:\/\/florenciaramondetta.com.ar\/wp2\/index.php\/c-v\/#primaryimage"},"image":{"@id":"https:\/\/florenciaramondetta.com.ar\/wp2\/index.php\/c-v\/#primaryimage"},"thumbnailUrl":"https:\/\/florenciaramondetta.com.ar\/wp2\/wp-content\/uploads\/2019\/06\/flor.jpg","datePublished":"2019-05-08T19:42:24+00:00","dateModified":"2020-01-23T20:34:43+00:00","breadcrumb":{"@id":"https:\/\/florenciaramondetta.com.ar\/wp2\/index.php\/c-v\/#breadcrumb"},"inLanguage":"es-AR","potentialAction":[{"@type":"ReadAction","target":["https:\/\/florenciaramondetta.com.ar\/wp2\/index.php\/c-v\/"]}]},{"@type":"ImageObject","inLanguage":"es-AR","@id":"https:\/\/florenciaramondetta.com.ar\/wp2\/index.php\/c-v\/#primaryimage","url":"https:\/\/florenciaramondetta.com.ar\/wp2\/wp-content\/uploads\/2019\/06\/flor.jpg","contentUrl":"https:\/\/florenciaramondetta.com.ar\/wp2\/wp-content\/uploads\/2019\/06\/flor.jpg","width":2048,"height":1260},{"@type":"BreadcrumbList","@id":"https:\/\/florenciaramondetta.com.ar\/wp2\/index.php\/c-v\/#breadcrumb","itemListElement":[{"@type":"ListItem","position":1,"name":"Inicio","item":"https:\/\/florenciaramondetta.com.ar\/wp2\/"},{"@type":"ListItem","position":2,"name":"C.V."}]},{"@type":"WebSite","@id":"https:\/\/florenciaramondetta.com.ar\/wp2\/#website","url":"https:\/\/florenciaramondetta.com.ar\/wp2\/","name":"FLORENCIA RAMONDETTA","description":"","potentialAction":[{"@type":"SearchAction","target":{"@type":"EntryPoint","urlTemplate":"https:\/\/florenciaramondetta.com.ar\/wp2\/?s={search_term_string}"},"query-input":{"@type":"PropertyValueSpecification","valueRequired":true,"valueName":"search_term_string"}}],"inLanguage":"es-AR"}]}},"_links":{"self":[{"href":"https:\/\/florenciaramondetta.com.ar\/wp2\/index.php\/wp-json\/wp\/v2\/pages\/43","targetHints":{"allow":["GET"]}}],"collection":[{"href":"https:\/\/florenciaramondetta.com.ar\/wp2\/index.php\/wp-json\/wp\/v2\/pages"}],"about":[{"href":"https:\/\/florenciaramondetta.com.ar\/wp2\/index.php\/wp-json\/wp\/v2\/types\/page"}],"author":[{"embeddable":true,"href":"https:\/\/florenciaramondetta.com.ar\/wp2\/index.php\/wp-json\/wp\/v2\/users\/1"}],"replies":[{"embeddable":true,"href":"https:\/\/florenciaramondetta.com.ar\/wp2\/index.php\/wp-json\/wp\/v2\/comments?post=43"}],"version-history":[{"count":6,"href":"https:\/\/florenciaramondetta.com.ar\/wp2\/index.php\/wp-json\/wp\/v2\/pages\/43\/revisions"}],"predecessor-version":[{"id":1377,"href":"https:\/\/florenciaramondetta.com.ar\/wp2\/index.php\/wp-json\/wp\/v2\/pages\/43\/revisions\/1377"}],"wp:featuredmedia":[{"embeddable":true,"href":"https:\/\/florenciaramondetta.com.ar\/wp2\/index.php\/wp-json\/wp\/v2\/media\/1022"}],"wp:attachment":[{"href":"https:\/\/florenciaramondetta.com.ar\/wp2\/index.php\/wp-json\/wp\/v2\/media?parent=43"}],"curies":[{"name":"wp","href":"https:\/\/api.w.org\/{rel}","templated":true}]}}